{"id":4080,"date":"2023-09-18T08:20:16","date_gmt":"2023-09-18T08:20:16","guid":{"rendered":"https:\/\/milleo.si\/?page_id=4080"},"modified":"2024-06-24T15:32:25","modified_gmt":"2024-06-24T15:32:25","slug":"varstvo-osebni-podatkov","status":"publish","type":"page","link":"https:\/\/milleo.si\/sl\/varstvo-osebni-podatkov\/","title":{"rendered":"Varstvo osebni podatkov"},"content":{"rendered":"\t\t<div data-elementor-type=\"wp-page\" data-elementor-id=\"4080\" class=\"elementor elementor-4080\">\n\t\t\t\t\t\t<div class=\"elementor-inner\">\n\t\t\t\t<div class=\"elementor-section-wrap\">\n\t\t\t\t\t\t\t\t\t<section class=\"elementor-section elementor-top-section elementor-element elementor-element-b6acb7a elementor-section-stretched scheme_dark elementor-reverse-tablet elementor-reverse-mobile elementor-section-boxed elementor-section-height-default elementor-section-height-default\" data-id=\"b6acb7a\" data-element_type=\"section\" data-settings=\"{&quot;stretch_section&quot;:&quot;section-stretched&quot;,&quot;animation_tablet&quot;:&quot;none&quot;,&quot;animation_mobile&quot;:&quot;none&quot;,&quot;background_background&quot;:&quot;classic&quot;}\">\n\t\t\t\t\t\t<div class=\"elementor-container elementor-column-gap-no\">\n\t\t\t\t\t\t\t<div class=\"elementor-row\">\n\t\t\t\t\t<div class=\"elementor-column elementor-col-100 elementor-top-column elementor-element elementor-element-223e369 sc_inner_width_none sc_layouts_column_icons_position_left\" data-id=\"223e369\" data-element_type=\"column\" data-settings=\"{&quot;background_background&quot;:&quot;classic&quot;}\">\n\t\t\t<div class=\"elementor-column-wrap elementor-element-populated\">\n\t\t\t\t\t\t\t<div class=\"elementor-widget-wrap\">\n\t\t\t\t\t\t<section class=\"elementor-section elementor-inner-section elementor-element elementor-element-c1553ea elementor-section-boxed elementor-section-height-default elementor-section-height-default\" data-id=\"c1553ea\" data-element_type=\"section\">\n\t\t\t\t\t\t<div class=\"elementor-container elementor-column-gap-no\">\n\t\t\t\t\t\t\t<div class=\"elementor-row\">\n\t\t\t\t\t<div class=\"elementor-column elementor-col-100 elementor-inner-column elementor-element elementor-element-3f7733b sc_inner_width_none sc_layouts_column_icons_position_left\" data-id=\"3f7733b\" data-element_type=\"column\">\n\t\t\t<div class=\"elementor-column-wrap elementor-element-populated\">\n\t\t\t\t\t\t\t<div class=\"elementor-widget-wrap\">\n\t\t\t\t\t\t<div class=\"elementor-element elementor-element-42efa1f microbrew-font sc_fly_static elementor-widget elementor-widget-heading\" data-id=\"42efa1f\" data-element_type=\"widget\" data-widget_type=\"heading.default\">\n\t\t\t\t<div class=\"elementor-widget-container\">\n\t\t\t<h2 class=\"elementor-heading-title elementor-size-default\">Privacy policy<\/h2>\t\t<\/div>\n\t\t\t\t<\/div>\n\t\t\t\t<div class=\"elementor-element elementor-element-99b026a sc_fly_static elementor-widget elementor-widget-text-editor\" data-id=\"99b026a\" data-element_type=\"widget\" data-widget_type=\"text-editor.default\">\n\t\t\t\t<div class=\"elementor-widget-container\">\n\t\t\t\t\t\t\t\t<div class=\"elementor-text-editor elementor-clearfix\">\n\t\t\t\t<p><strong>Kdo smo<\/strong><\/p><p>Na\u0161 naslov spletne strani je: <a href=\"https:\/\/milleo.si\/\" target=\"_new\">https:\/\/milleo.si<\/a>.<\/p><p>\u00a0<\/p><p><strong>Mediji<\/strong><\/p><p>\u010ce na spletno stran nalagate slike, se morate izogniti nalaganju slik z vgrajenimi lokacijskimi podatki (EXIF GPS). Obiskovalci spletnega mesta lahko prenesejo in izvle\u010dejo kateri koli lokacijski podatek iz slik na spletnem mestu.<\/p><p><strong>Kontaktni obrazec<\/strong><\/p><p>Ko uporabljate na\u0161 kontaktni obrazec, zbiramo naslednje informacije:<\/p><ul><li>Ime: Da personaliziramo va\u0161o izku\u0161njo in odgovorimo na va\u0161a vpra\u0161anja.<\/li><li>E-po\u0161tni naslov: Da vas kontaktiramo z novicami o va\u0161i rezervaciji ali da vam po\u0161ljemo novice, \u010de se odlo\u010dite, da jih \u017eelite prejemati.<\/li><li>Datumi rezervacije: Da olaj\u0161amo postopek rezervacije in zagotovimo razpolo\u017eljivost za va\u0161e izbrane datume.<\/li><li>\u0160tevilo ljudi: Da naredimo ustrezne nastanitve za va\u0161o rezervacijo.<\/li><\/ul><p><strong>Pi\u0161kotki<\/strong><\/p><p>\u010ce na na\u0161i strani pustite komentar, se lahko odlo\u010dite, da shranite svoje ime, e-po\u0161tni naslov in spletno stran v pi\u0161kotkih. To je zaradi va\u0161ega udobja, da ne boste morali ponovno vna\u0161ati podrobnosti, ko boste pustili \u0161e en komentar. Ti pi\u0161kotki bodo trajali eno leto.<\/p><p>\u010ce obi\u0161\u010dete na\u0161o prijavno stran, bomo nastavili za\u010dasni pi\u0161kotek, da ugotovimo, ali va\u0161 brskalnik sprejema pi\u0161kotke. Ta pi\u0161kotek ne vsebuje osebnih podatkov in se zavr\u017ee, ko zaprete brskalnik.<\/p><p>Ob prijavi bomo nastavili tudi ve\u010d pi\u0161kotkov za shranjevanje va\u0161ih prijavnih informacij in va\u0161ih izbir zaslona. Prijavni pi\u0161kotki trajajo dva dni, pi\u0161kotki z mo\u017enostmi zaslona pa eno leto. \u010ce izberete \u201cZapomni si me\u201d, bo va\u0161a prijava trajala dva tedna. Odjava iz va\u0161ega ra\u010duna bo odstranila prijavne pi\u0161kotke.<\/p><p>Urejanje ali objava \u010dlanka bo v va\u0161em brskalniku shranila dodaten pi\u0161kotek. Ta pi\u0161kotek ne vsebuje osebnih podatkov in preprosto ozna\u010duje ID objave \u010dlanka, ki ste ga uredili. Pote\u010de po 1 dnevu.<\/p><p>Vdelana vsebina iz drugih spletnih mest<\/p><p>\u010clanki na tej strani lahko vsebujejo vdelano vsebino (kot so videoposnetki, slike, \u010dlanki itd.). Vdelana vsebina z drugih spletnih mest se obna\u0161a, kot da je obiskovalec obiskal drugo spletno mesto.<\/p><p>Taka spletna mesta lahko zbirajo podatke o vas, uporabljajo pi\u0161kotke, vgradijo sledenje tretjih oseb in spremljajo va\u0161o interakcijo z vdelano vsebino, vklju\u010dno s sledenjem va\u0161i interakciji, \u010de imate ra\u010dun in ste prijavljeni na to spletno mesto.<\/p><p><strong>S kom delimo va\u0161e podatke<\/strong><\/p><p>\u010ce zahtevate ponastavitev gesla, bo va\u0161 IP naslov del e-po\u0161te za ponastavitev.<\/p><p><strong>Koliko \u010dasa hranimo va\u0161e podatke<\/strong><\/p><p>\u010ce pustite komentar, se komentar in njegovi metapodatki ohranijo za nedolo\u010den \u010das. To nam omogo\u010da, da samodejno prepoznamo in odobrimo nadaljnje komentarje, namesto da bi jih dr\u017eali v \u010dakalni vrsti za moderacijo.<\/p><p>Za uporabnike, ki se registrirajo na na\u0161i spletni strani (\u010de sploh), shranjujemo osebne podatke, navedene v njihovem uporabni\u0161kem profilu. Vsi uporabniki lahko kadar koli vidijo, urejajo ali bri\u0161ejo svoje osebne podatke (uporabni\u0161ko ime ni mogo\u010de spremeniti). Administratorji spletnega mesta lahko prav tako vidijo in urejajo te informacije.<\/p><p><strong>Kak\u0161ne pravice imate nad svojimi podatki<\/strong><\/p><p>\u010ce imate ra\u010dun na tej strani ali ste pustili komentarje, lahko zahtevate izvo\u017eeno datoteko osebnih podatkov, ki jih imamo o vas, vklju\u010dno z vsemi podatki, ki ste nam jih posredovali. Prav tako nas lahko prosite, da izbri\u0161emo vse osebne podatke, ki jih imamo o vas. To ne vklju\u010duje podatkov, ki jih moramo hraniti iz administrativnih, pravnih ali varnostnih razlogov<\/p>\t\t\t\t\t<\/div>\n\t\t\t\t\t\t<\/div>\n\t\t\t\t<\/div>\n\t\t\t\t\t\t<\/div>\n\t\t\t\t\t<\/div>\n\t\t<\/div>\n\t\t\t\t\t\t\t\t<\/div>\n\t\t\t\t\t<\/div>\n\t\t<\/section>\n\t\t\t\t\t\t<\/div>\n\t\t\t\t\t<\/div>\n\t\t<\/div>\n\t\t\t\t\t\t\t\t<\/div>\n\t\t\t\t\t<\/div>\n\t\t<\/section>\n\t\t\t\t\t\t\t\t\t<\/div>\n\t\t\t<\/div>\n\t\t\t\t\t<\/div>\n\t\t","protected":false},"excerpt":{"rendered":"<p>Privacy policy Kdo smo Na\u0161 naslov spletne strani je: https:\/\/milleo.si. \u00a0 Mediji&hellip;<\/p>\n","protected":false},"author":1,"featured_media":0,"parent":0,"menu_order":0,"comment_status":"closed","ping_status":"closed","template":"","meta":{"inline_featured_image":false,"footnotes":""},"_links":{"self":[{"href":"https:\/\/milleo.si\/sl\/wp-json\/wp\/v2\/pages\/4080"}],"collection":[{"href":"https:\/\/milleo.si\/sl\/wp-json\/wp\/v2\/pages"}],"about":[{"href":"https:\/\/milleo.si\/sl\/wp-json\/wp\/v2\/types\/page"}],"author":[{"embeddable":true,"href":"https:\/\/milleo.si\/sl\/wp-json\/wp\/v2\/users\/1"}],"replies":[{"embeddable":true,"href":"https:\/\/milleo.si\/sl\/wp-json\/wp\/v2\/comments?post=4080"}],"version-history":[{"count":8,"href":"https:\/\/milleo.si\/sl\/wp-json\/wp\/v2\/pages\/4080\/revisions"}],"predecessor-version":[{"id":4192,"href":"https:\/\/milleo.si\/sl\/wp-json\/wp\/v2\/pages\/4080\/revisions\/4192"}],"wp:attachment":[{"href":"https:\/\/milleo.si\/sl\/wp-json\/wp\/v2\/media?parent=4080"}],"curies":[{"name":"wp","href":"https:\/\/api.w.org\/{rel}","templated":true}]}}